{"id":75,"date":"2022-04-12T16:40:51","date_gmt":"2022-04-12T21:40:51","guid":{"rendered":"http:\/\/bluesound.com.mx\/?page_id=75"},"modified":"2022-05-27T12:42:20","modified_gmt":"2022-05-27T17:42:20","slug":"residencial","status":"publish","type":"page","link":"https:\/\/bluesound.com.mx\/?page_id=75","title":{"rendered":"Residencial"},"content":{"rendered":"<p><font color=\"#0000a0\" face=\"Century Gothic\" size=\"5\"><strong><img loading=\"lazy\" width=\"398\" height=\"300\" title=\"\" align=\"right\" style=\"margin: 0px 2px 0px 15px; border: 0px currentcolor; border-image: none; float: right; display: inline; background-image: none;\" alt=\"\" src=\"http:\/\/bluesound.com.mx\/wp-content\/uploads\/2022\/04\/r_8-1.jpg\" border=\"0\">Blue Sound | Residencial<\/strong><\/font><\/p>\n<p><font size=\"4\">Convertimos tu sala de TV, Sal\u00f3n de juegos, jard\u00edn etc. en tu lugar favorito. O si lo prefieres dise\u00f1amos un sal\u00f3n de Cine dedicado dentro de tu hogar. Disfruta de tus series, pel\u00edculas o m\u00fasica preferida con la opci\u00f3n de controlar todo tu sistema de Audio Video con automatizaci\u00f3n desde una tableta electr\u00f3nica o su tel\u00e9fono inteligente. <\/font><\/p>\n<p><font size=\"4\"><br \/><\/font><\/p>\n<p><font size=\"4\"><br \/><\/font><\/p>\n<hr>\n<p><a href=\"http:\/\/bluesound.com.mx\/?page_id=347\"><img loading=\"lazy\" width=\"324\" height=\"77\" title=\"CONTACTO\" style=\"border: 0px currentcolor; border-image: none; margin-right: auto; margin-left: auto; float: none; display: block; background-image: none;\" alt=\"CONTACTO\" src=\"http:\/\/bluesound.com.mx\/wp-content\/uploads\/2022\/05\/CONTACTO-3.png\" border=\"0\"><\/a><\/p>\n<hr>\n<p align=\"center\"><a href=\"http:\/\/bluesound.com.mx\/wp-content\/uploads\/2022\/05\/A-1.jpg\"><img loading=\"lazy\" width=\"244\" height=\"139\" title=\"A-1\" style=\"margin: 0px; display: inline; background-image: none;\" alt=\"A-1\" src=\"http:\/\/bluesound.com.mx\/wp-content\/uploads\/2022\/05\/A-1_thumb.jpg\" border=\"0\"><\/a><a href=\"http:\/\/bluesound.com.mx\/wp-content\/uploads\/2022\/05\/A-6.jpg\"><img loading=\"lazy\" width=\"244\" height=\"139\" title=\"A-6\" style=\"display: inline; background-image: none;\" alt=\"A-6\" src=\"http:\/\/bluesound.com.mx\/wp-content\/uploads\/2022\/05\/A-6_thumb.jpg\" border=\"0\"><\/a><a href=\"http:\/\/bluesound.com.mx\/wp-content\/uploads\/2022\/05\/A-9.jpg\"><img loading=\"lazy\" width=\"244\" height=\"139\" title=\"A-9\" style=\"margin: 0px; display: inline; background-image: none;\" alt=\"A-9\" src=\"http:\/\/bluesound.com.mx\/wp-content\/uploads\/2022\/05\/A-9_thumb.jpg\" border=\"0\"><\/a><br \/><a href=\"http:\/\/bluesound.com.mx\/wp-content\/uploads\/2022\/05\/HOUSE-01.jpg\"><img loading=\"lazy\" width=\"244\" height=\"184\" title=\"HOUSE-01\" style=\"margin: 0px; display: inline; background-image: none;\" alt=\"HOUSE-01\" src=\"http:\/\/bluesound.com.mx\/wp-content\/uploads\/2022\/05\/HOUSE-01_thumb.jpg\" border=\"0\"><\/a><a href=\"http:\/\/bluesound.com.mx\/wp-content\/uploads\/2022\/05\/HOUSE-02.jpg\"><img loading=\"lazy\" width=\"244\" height=\"184\" title=\"HOUSE-02\" style=\"margin: 0px; display: inline; background-image: none;\" alt=\"HOUSE-02\" src=\"http:\/\/bluesound.com.mx\/wp-content\/uploads\/2022\/05\/HOUSE-02_thumb.jpg\" border=\"0\"><\/a><a href=\"http:\/\/bluesound.com.mx\/wp-content\/uploads\/2022\/05\/HOUSE-03.jpg\"><img loading=\"lazy\" width=\"244\" height=\"184\" title=\"HOUSE-03\" style=\"display: inline; background-image: none;\" alt=\"HOUSE-03\" src=\"http:\/\/bluesound.com.mx\/wp-content\/uploads\/2022\/05\/HOUSE-03_thumb.jpg\" border=\"0\"><\/a><br \/><a href=\"http:\/\/bluesound.com.mx\/wp-content\/uploads\/2022\/05\/HOUSE-05.jpg\"><img loading=\"lazy\" width=\"244\" height=\"184\" title=\"HOUSE-05\" style=\"margin: 0px; display: inline; background-image: none;\" alt=\"HOUSE-05\" src=\"http:\/\/bluesound.com.mx\/wp-content\/uploads\/2022\/05\/HOUSE-05_thumb.jpg\" border=\"0\"><\/a><a href=\"http:\/\/bluesound.com.mx\/wp-content\/uploads\/2022\/05\/HOUSE-07B.jpg\"><img loading=\"lazy\" width=\"244\" height=\"184\" title=\"HOUSE-07B\" style=\"display: inline; background-image: none;\" alt=\"HOUSE-07B\" src=\"http:\/\/bluesound.com.mx\/wp-content\/uploads\/2022\/05\/HOUSE-07B_thumb.jpg\" border=\"0\"><\/a><a href=\"http:\/\/bluesound.com.mx\/wp-content\/uploads\/2022\/05\/HOUSE-14.jpg\"><img loading=\"lazy\" width=\"244\" height=\"184\" title=\"HOUSE-14\" style=\"display: inline; background-image: none;\" alt=\"HOUSE-14\" src=\"http:\/\/bluesound.com.mx\/wp-content\/uploads\/2022\/05\/HOUSE-14_thumb.jpg\" border=\"0\"><\/a><br \/><a href=\"http:\/\/bluesound.com.mx\/wp-content\/uploads\/2022\/05\/HOUSE-08.jpg\"><img loading=\"lazy\" width=\"244\" height=\"139\" title=\"HOUSE-08\" style=\"display: inline; background-image: none;\" alt=\"HOUSE-08\" src=\"http:\/\/bluesound.com.mx\/wp-content\/uploads\/2022\/05\/HOUSE-08_thumb.jpg\" border=\"0\"><\/a><a href=\"http:\/\/bluesound.com.mx\/wp-content\/uploads\/2022\/05\/HOUSE-12.jpg\"><img loading=\"lazy\" width=\"244\" height=\"139\" title=\"HOUSE-12\" style=\"display: inline; background-image: none;\" alt=\"HOUSE-12\" src=\"http:\/\/bluesound.com.mx\/wp-content\/uploads\/2022\/05\/HOUSE-12_thumb.jpg\" border=\"0\"><\/a><a href=\"http:\/\/bluesound.com.mx\/wp-content\/uploads\/2022\/05\/HOUSE-09.jpg\"><img loading=\"lazy\" width=\"244\" height=\"139\" title=\"HOUSE-09\" style=\"display: inline; background-image: none;\" alt=\"HOUSE-09\" src=\"http:\/\/bluesound.com.mx\/wp-content\/uploads\/2022\/05\/HOUSE-09_thumb.jpg\" border=\"0\"><\/a><br \/><a href=\"http:\/\/bluesound.com.mx\/wp-content\/uploads\/2022\/05\/HOUSE-11.jpg\"><img loading=\"lazy\" width=\"244\" height=\"139\" title=\"HOUSE-11\" style=\"display: inline; background-image: none;\" alt=\"HOUSE-11\" src=\"http:\/\/bluesound.com.mx\/wp-content\/uploads\/2022\/05\/HOUSE-11_thumb.jpg\" border=\"0\"><\/a><a href=\"http:\/\/bluesound.com.mx\/wp-content\/uploads\/2022\/05\/HOUSE-10.jpg\"><img loading=\"lazy\" width=\"296\" height=\"139\" title=\"HOUSE-10\" style=\"display: inline; background-image: none;\" alt=\"HOUSE-10\" src=\"http:\/\/bluesound.com.mx\/wp-content\/uploads\/2022\/05\/HOUSE-10_thumb.jpg\" border=\"0\"><\/a><a href=\"http:\/\/bluesound.com.mx\/wp-content\/uploads\/2022\/05\/HOUSE-15.jpg\"><img loading=\"lazy\" width=\"296\" height=\"139\" title=\"HOUSE-15\" style=\"display: inline; background-image: none;\" alt=\"HOUSE-15\" src=\"http:\/\/bluesound.com.mx\/wp-content\/uploads\/2022\/05\/HOUSE-15_thumb.jpg\" border=\"0\"><\/a><\/p>\n<p align=\"center\"><a href=\"http:\/\/bluesound.com.mx\/wp-content\/uploads\/2022\/05\/HOUSE-16.jpg\"><img loading=\"lazy\" width=\"244\" height=\"115\" title=\"HOUSE-16\" style=\"margin: 0px; display: inline; background-image: none;\" alt=\"HOUSE-16\" src=\"http:\/\/bluesound.com.mx\/wp-content\/uploads\/2022\/05\/HOUSE-16_thumb.jpg\" border=\"0\"><\/a><a href=\"http:\/\/bluesound.com.mx\/wp-content\/uploads\/2022\/05\/HOUSE-18.jpg\"><img loading=\"lazy\" width=\"244\" height=\"115\" title=\"HOUSE-18\" style=\"display: inline; background-image: none;\" alt=\"HOUSE-18\" src=\"http:\/\/bluesound.com.mx\/wp-content\/uploads\/2022\/05\/HOUSE-18_thumb.jpg\" border=\"0\"><\/a><a href=\"http:\/\/bluesound.com.mx\/wp-content\/uploads\/2022\/05\/HOUSE-19.jpg\"><img loading=\"lazy\" width=\"201\" height=\"115\" title=\"HOUSE-19\" style=\"display: inline; background-image: none;\" alt=\"HOUSE-19\" src=\"http:\/\/bluesound.com.mx\/wp-content\/uploads\/2022\/05\/HOUSE-19_thumb.jpg\" border=\"0\"><\/a><\/p>\n<p align=\"center\"><a href=\"http:\/\/bluesound.com.mx\/wp-content\/uploads\/2022\/05\/HOUSE-21.jpg\"><img loading=\"lazy\" width=\"244\" height=\"115\" title=\"HOUSE-21\" style=\"margin: 0px; display: inline; background-image: none;\" alt=\"HOUSE-21\" src=\"http:\/\/bluesound.com.mx\/wp-content\/uploads\/2022\/05\/HOUSE-21_thumb.jpg\" border=\"0\"><\/a><a href=\"http:\/\/bluesound.com.mx\/wp-content\/uploads\/2022\/05\/HOUSE-22.jpg\"><img loading=\"lazy\" width=\"244\" height=\"115\" title=\"HOUSE-22\" style=\"display: inline; background-image: none;\" alt=\"HOUSE-22\" src=\"http:\/\/bluesound.com.mx\/wp-content\/uploads\/2022\/05\/HOUSE-22_thumb.jpg\" border=\"0\"><\/a><a href=\"http:\/\/bluesound.com.mx\/wp-content\/uploads\/2022\/05\/HOUSE-23.jpg\"><img loading=\"lazy\" width=\"201\" height=\"115\" title=\"HOUSE-23\" style=\"display: inline; background-image: none;\" alt=\"HOUSE-23\" src=\"http:\/\/bluesound.com.mx\/wp-content\/uploads\/2022\/05\/HOUSE-23_thumb.jpg\" border=\"0\"><\/a><\/p>\n<p align=\"center\"><a href=\"http:\/\/bluesound.com.mx\/wp-content\/uploads\/2022\/05\/HOUSE-25.jpg\"><img loading=\"lazy\" width=\"244\" height=\"184\" title=\"HOUSE-25\" style=\"margin: 0px; display: inline; background-image: none;\" alt=\"HOUSE-25\" src=\"http:\/\/bluesound.com.mx\/wp-content\/uploads\/2022\/05\/HOUSE-25_thumb.jpg\" border=\"0\"><\/a><a href=\"http:\/\/bluesound.com.mx\/wp-content\/uploads\/2022\/05\/HOUSE-26.jpg\"><img loading=\"lazy\" width=\"244\" height=\"184\" title=\"HOUSE-26\" style=\"margin: 0px; display: inline; background-image: none;\" alt=\"HOUSE-26\" src=\"http:\/\/bluesound.com.mx\/wp-content\/uploads\/2022\/05\/HOUSE-26_thumb.jpg\" border=\"0\"><\/a><a href=\"http:\/\/bluesound.com.mx\/wp-content\/uploads\/2022\/05\/HOUSE-27.jpg\"><img loading=\"lazy\" width=\"244\" height=\"184\" title=\"HOUSE-27\" style=\"display: inline; background-image: none;\" alt=\"HOUSE-27\" src=\"http:\/\/bluesound.com.mx\/wp-content\/uploads\/2022\/05\/HOUSE-27_thumb.jpg\" border=\"0\"><\/a><\/p>\n<p align=\"center\"><a href=\"http:\/\/bluesound.com.mx\/wp-content\/uploads\/2022\/05\/HOUSE-28.jpg\"><img loading=\"lazy\" width=\"244\" height=\"184\" title=\"HOUSE-28\" style=\"margin: 0px; display: inline; background-image: none;\" alt=\"HOUSE-28\" src=\"http:\/\/bluesound.com.mx\/wp-content\/uploads\/2022\/05\/HOUSE-28_thumb.jpg\" border=\"0\"><\/a><a href=\"http:\/\/bluesound.com.mx\/wp-content\/uploads\/2022\/05\/HOUSE-29.jpg\"><img loading=\"lazy\" width=\"244\" height=\"184\" title=\"HOUSE-29\" style=\"margin: 0px; display: inline; background-image: none;\" alt=\"HOUSE-29\" src=\"http:\/\/bluesound.com.mx\/wp-content\/uploads\/2022\/05\/HOUSE-29_thumb.jpg\" border=\"0\"><\/a><a href=\"http:\/\/bluesound.com.mx\/wp-content\/uploads\/2022\/05\/HOUSE-30.jpg\"><img loading=\"lazy\" width=\"244\" height=\"184\" title=\"HOUSE-30\" style=\"display: inline; background-image: none;\" alt=\"HOUSE-30\" src=\"http:\/\/bluesound.com.mx\/wp-content\/uploads\/2022\/05\/HOUSE-30_thumb.jpg\" border=\"0\"><\/a><\/p>\n<p align=\"center\"><a href=\"http:\/\/bluesound.com.mx\/wp-content\/uploads\/2022\/05\/HOUSE-31.jpg\"><img loading=\"lazy\" width=\"244\" height=\"184\" title=\"HOUSE-31\" style=\"margin: 0px; display: inline; background-image: none;\" alt=\"HOUSE-31\" src=\"http:\/\/bluesound.com.mx\/wp-content\/uploads\/2022\/05\/HOUSE-31_thumb.jpg\" border=\"0\"><\/a><a href=\"http:\/\/bluesound.com.mx\/wp-content\/uploads\/2022\/05\/HOUSE-32.jpg\"><img loading=\"lazy\" width=\"244\" height=\"184\" title=\"HOUSE-32\" style=\"margin: 0px; display: inline; background-image: none;\" alt=\"HOUSE-32\" src=\"http:\/\/bluesound.com.mx\/wp-content\/uploads\/2022\/05\/HOUSE-32_thumb.jpg\" border=\"0\"><\/a><a href=\"http:\/\/bluesound.com.mx\/wp-content\/uploads\/2022\/05\/HOUSE-33.jpg\"><img loading=\"lazy\" width=\"244\" height=\"184\" title=\"HOUSE-33\" style=\"display: inline; background-image: none;\" alt=\"HOUSE-33\" src=\"http:\/\/bluesound.com.mx\/wp-content\/uploads\/2022\/05\/HOUSE-33_thumb.jpg\" border=\"0\"><\/a><\/p>\n<p align=\"center\"><a href=\"http:\/\/bluesound.com.mx\/wp-content\/uploads\/2022\/05\/HOUSE-35.jpg\"><img loading=\"lazy\" width=\"244\" height=\"184\" title=\"HOUSE-35\" style=\"margin: 0px; display: inline; background-image: none;\" alt=\"HOUSE-35\" src=\"http:\/\/bluesound.com.mx\/wp-content\/uploads\/2022\/05\/HOUSE-35_thumb.jpg\" border=\"0\"><\/a><a href=\"http:\/\/bluesound.com.mx\/wp-content\/uploads\/2022\/05\/HOUSE-36.jpg\"><img loading=\"lazy\" width=\"244\" height=\"184\" title=\"HOUSE-36\" style=\"margin: 0px; display: inline; background-image: none;\" alt=\"HOUSE-36\" src=\"http:\/\/bluesound.com.mx\/wp-content\/uploads\/2022\/05\/HOUSE-36_thumb.jpg\" border=\"0\"><\/a><a href=\"http:\/\/bluesound.com.mx\/wp-content\/uploads\/2022\/05\/HOUSE-37.jpg\"><img loading=\"lazy\" width=\"244\" height=\"184\" title=\"HOUSE-37\" style=\"display: inline; background-image: none;\" alt=\"HOUSE-37\" src=\"http:\/\/bluesound.com.mx\/wp-content\/uploads\/2022\/05\/HOUSE-37_thumb.jpg\" border=\"0\"><\/a><\/p>\n<p align=\"center\"><a href=\"http:\/\/bluesound.com.mx\/wp-content\/uploads\/2022\/05\/HOUSE-38.jpg\"><img loading=\"lazy\" width=\"244\" height=\"184\" title=\"HOUSE-38\" style=\"margin: 0px; display: inline; background-image: none;\" alt=\"HOUSE-38\" src=\"http:\/\/bluesound.com.mx\/wp-content\/uploads\/2022\/05\/HOUSE-38_thumb.jpg\" border=\"0\"><\/a><a href=\"http:\/\/bluesound.com.mx\/wp-content\/uploads\/2022\/05\/HOUSE-39.jpg\"><img loading=\"lazy\" width=\"244\" height=\"184\" title=\"HOUSE-39\" style=\"margin: 0px; display: inline; background-image: none;\" alt=\"HOUSE-39\" src=\"http:\/\/bluesound.com.mx\/wp-content\/uploads\/2022\/05\/HOUSE-39_thumb.jpg\" border=\"0\"><\/a><a href=\"http:\/\/bluesound.com.mx\/wp-content\/uploads\/2022\/05\/HOUSE-40.jpg\"><img loading=\"lazy\" width=\"244\" height=\"184\" title=\"HOUSE-40\" style=\"display: inline; background-image: none;\" alt=\"HOUSE-40\" src=\"http:\/\/bluesound.com.mx\/wp-content\/uploads\/2022\/05\/HOUSE-40_thumb.jpg\" border=\"0\"><\/a><\/p>\n<p align=\"center\"><a href=\"http:\/\/bluesound.com.mx\/wp-content\/uploads\/2022\/05\/HOUSE-41.jpg\"><img loading=\"lazy\" width=\"244\" height=\"139\" title=\"HOUSE-41\" style=\"margin: 0px; display: inline; background-image: none;\" alt=\"HOUSE-41\" src=\"http:\/\/bluesound.com.mx\/wp-content\/uploads\/2022\/05\/HOUSE-41_thumb.jpg\" border=\"0\"><\/a><a href=\"http:\/\/bluesound.com.mx\/wp-content\/uploads\/2022\/05\/HOUSE-42.jpg\"><img loading=\"lazy\" width=\"244\" height=\"139\" title=\"HOUSE-42\" style=\"margin: 0px; display: inline; background-image: none;\" alt=\"HOUSE-42\" src=\"http:\/\/bluesound.com.mx\/wp-content\/uploads\/2022\/05\/HOUSE-42_thumb.jpg\" border=\"0\"><\/a><a href=\"http:\/\/bluesound.com.mx\/wp-content\/uploads\/2022\/05\/L-DE-S_07.jpg\"><img loading=\"lazy\" width=\"244\" height=\"139\" title=\"L DE S_07\" style=\"margin: 0px; display: inline; background-image: none;\" alt=\"L DE S_07\" src=\"http:\/\/bluesound.com.mx\/wp-content\/uploads\/2022\/05\/L-DE-S_07_thumb.jpg\" border=\"0\"><\/a><\/p>\n","protected":false},"excerpt":{"rendered":"<p>Blue Sound | Residencial Convertimos tu sala de TV, Sal\u00f3n de juegos, jard\u00edn etc. en tu lugar favorito. O si lo prefieres dise\u00f1amos un sal\u00f3n de Cine dedicado dentro de tu hogar. Disfruta de tus series, pel\u00edculas o m\u00fasica preferida con la opci\u00f3n de controlar todo tu sistema de Audio Video con automatizaci\u00f3n desde una [&hellip;]<\/p>\n","protected":false},"author":1,"featured_media":0,"parent":0,"menu_order":0,"comment_status":"closed","ping_status":"closed","template":"","meta":{"_joinchat":[]},"aioseo_notices":[],"_links":{"self":[{"href":"https:\/\/bluesound.com.mx\/index.php?rest_route=\/wp\/v2\/pages\/75"}],"collection":[{"href":"https:\/\/bluesound.com.mx\/index.php?rest_route=\/wp\/v2\/pages"}],"about":[{"href":"https:\/\/bluesound.com.mx\/index.php?rest_route=\/wp\/v2\/types\/page"}],"author":[{"embeddable":true,"href":"https:\/\/bluesound.com.mx\/index.php?rest_route=\/wp\/v2\/users\/1"}],"replies":[{"embeddable":true,"href":"https:\/\/bluesound.com.mx\/index.php?rest_route=%2Fwp%2Fv2%2Fcomments&post=75"}],"version-history":[{"count":11,"href":"https:\/\/bluesound.com.mx\/index.php?rest_route=\/wp\/v2\/pages\/75\/revisions"}],"predecessor-version":[{"id":685,"href":"https:\/\/bluesound.com.mx\/index.php?rest_route=\/wp\/v2\/pages\/75\/revisions\/685"}],"wp:attachment":[{"href":"https:\/\/bluesound.com.mx\/index.php?rest_route=%2Fwp%2Fv2%2Fmedia&parent=75"}],"curies":[{"name":"wp","href":"https:\/\/api.w.org\/{rel}","templated":true}]}}